{"id":137,"date":"2023-07-12T23:57:16","date_gmt":"2023-07-12T21:57:16","guid":{"rendered":"https:\/\/milchfieber.com\/?page_id=137"},"modified":"2023-07-12T23:59:44","modified_gmt":"2023-07-12T21:59:44","slug":"muttizettel","status":"publish","type":"page","link":"https:\/\/milchfieber.com\/?page_id=137","title":{"rendered":"MUTTIZETTEL"},"content":{"rendered":"\n<p>Den folgenden Muttizettel bitte ausgedruckt und unterschrieben mit zur Veranstaltung nehmen. Wir ben\u00f6tigen ebenso eine Kopie des Personalausweises deiner Erziehungsberechtigten Person.<\/p>\n\n\n\n<p>Bitte beachtet, dass gem\u00e4\u00df den gesetzlichen Bestimmungen der Zutritt zur Veranstaltung f\u00fcr Minderj\u00e4hrige nur in Begleitung eines Erziehungsberechtigten oder mit einer schriftlichen Erlaubnis der Erziehungsberechtigten gestattet ist.<\/p>\n\n\n\n<p>Rechtlicher Hinweis: Wir m\u00f6chten darauf hinweisen, dass bei Nichtbeachtung dieser Vorgaben der Einlass zur Veranstaltung verwehrt werden kann. Es ist daher wichtig, dass der Muttizettel korrekt ausgef\u00fcllt, unterschrieben und zusammen mit einer Kopie des Personalausweises eurer Erziehungsberechtigten mitgebracht wird.<\/p>\n\n\n\n<p>Vielen Dank f\u00fcr euer Verst\u00e4ndnis und eure Unterst\u00fctzung bei der Einhaltung der gesetzlichen Bestimmungen. Wir w\u00fcnschen euch eine unvergessliche Zeit auf der Veranstaltung!<\/p>\n\n\n\n<div data-wp-interactive=\"core\/file\" class=\"wp-block-file\"><object data-wp-bind--hidden=\"!state.hasPdfPreview\" hidden class=\"wp-block-file__embed\" data=\"https:\/\/milchfieber.com\/wp-content\/uploads\/2023\/07\/Muttizettel_315EVENTCREW.pdf\" type=\"application\/pdf\" style=\"width:100%;height:600px\" aria-label=\"Einbettung von Muttizettel_315EVENTCREW.\"><\/object><a id=\"wp-block-file--media-397f6ec9-0e97-4744-8ffd-d0e2b6d1cdef\" href=\"https:\/\/milchfieber.com\/wp-content\/uploads\/2023\/07\/Muttizettel_315EVENTCREW.pdf\">Muttizettel_315EVENTCREW<\/a><a href=\"https:\/\/milchfieber.com\/wp-content\/uploads\/2023\/07\/Muttizettel_315EVENTCREW.pdf\" class=\"wp-block-file__button wp-element-button\" download aria-describedby=\"wp-block-file--media-397f6ec9-0e97-4744-8ffd-d0e2b6d1cdef\">Herunterladen<\/a><\/div>\n","protected":false},"excerpt":{"rendered":"<p>Den folgenden Muttizettel bitte ausgedruckt und unterschrieben mit zur Veranstaltung nehmen. Wir ben\u00f6tigen ebenso eine Kopie des Personalausweises deiner Erziehungsberechtigten Person. Bitte beachtet, dass gem\u00e4\u00df den gesetzlichen Bestimmungen der Zutritt zur Veranstaltung f\u00fcr Minderj\u00e4hrige nur in Begleitung eines Erziehungsberechtigten oder mit einer schriftlichen Erlaubnis der Erziehungsberechtigten gestattet ist. Rechtlicher Hinweis: Wir m\u00f6chten darauf hinweisen, dass &hellip; <\/p>\n","protected":false},"author":1,"featured_media":0,"parent":0,"menu_order":0,"comment_status":"closed","ping_status":"closed","template":"","meta":{"footnotes":""},"class_list":["post-137","page","type-page","status-publish","hentry"],"_links":{"self":[{"href":"https:\/\/milchfieber.com\/index.php?rest_route=\/wp\/v2\/pages\/137","targetHints":{"allow":["GET"]}}],"collection":[{"href":"https:\/\/milchfieber.com\/index.php?rest_route=\/wp\/v2\/pages"}],"about":[{"href":"https:\/\/milchfieber.com\/index.php?rest_route=\/wp\/v2\/types\/page"}],"author":[{"embeddable":true,"href":"https:\/\/milchfieber.com\/index.php?rest_route=\/wp\/v2\/users\/1"}],"replies":[{"embeddable":true,"href":"https:\/\/milchfieber.com\/index.php?rest_route=%2Fwp%2Fv2%2Fcomments&post=137"}],"version-history":[{"count":2,"href":"https:\/\/milchfieber.com\/index.php?rest_route=\/wp\/v2\/pages\/137\/revisions"}],"predecessor-version":[{"id":140,"href":"https:\/\/milchfieber.com\/index.php?rest_route=\/wp\/v2\/pages\/137\/revisions\/140"}],"wp:attachment":[{"href":"https:\/\/milchfieber.com\/index.php?rest_route=%2Fwp%2Fv2%2Fmedia&parent=137"}],"curies":[{"name":"wp","href":"https:\/\/api.w.org\/{rel}","templated":true}]}}