{"id":11,"date":"2023-05-20T16:38:21","date_gmt":"2023-05-20T14:38:21","guid":{"rendered":"http:\/\/milchfieber.com\/?page_id=11"},"modified":"2023-07-12T22:29:43","modified_gmt":"2023-07-12T20:29:43","slug":"startseite","status":"publish","type":"page","link":"https:\/\/milchfieber.com\/","title":{"rendered":"HOME"},"content":{"rendered":"\n<p><\/p>\n\n\n\n<p class=\"has-black-color has-text-color\">MILCHFIEBER \ud83d\udc2e\ud83c\udf21\ufe0f\u2764\ufe0f\u200d\ud83d\udd25- Mega Landjugendparty \ud83c\udf3e WE ARE BACK &#8211; im Doppelpack! <\/p>\n\n\n\n<p class=\"has-black-color has-text-color\">Am FR. 28. + SA. 29.07.23 in GRASBERG.<strong> <\/strong>Freut euch auf zwei legend\u00e4re N\u00e4chte \ud83e\udea9\ud83e\udef6mit:<\/p>\n\n\n\n<h2 class=\"wp-block-heading has-text-align-center\" id=\"single\" style=\"font-size:40px\">FREITAG<\/h2>\n\n\n\n<hr class=\"wp-block-separator has-text-color has-css-opacity has-background is-style-wide\" style=\"background-color:#000000;color:#000000\"\/>\n\n\n<div class=\"wp-block-image is-style-default\">\n<figure class=\"aligncenter size-large\"><img loading=\"lazy\" decoding=\"async\" width=\"1024\" height=\"1024\" src=\"http:\/\/milchfieber.com\/wp-content\/uploads\/2023\/05\/Milchfieber-Instapost-FR-2023-v1-1024x1024.jpg\" alt=\"\" class=\"wp-image-31\" srcset=\"https:\/\/milchfieber.com\/wp-content\/uploads\/2023\/05\/Milchfieber-Instapost-FR-2023-v1-1024x1024.jpg 1024w, https:\/\/milchfieber.com\/wp-content\/uploads\/2023\/05\/Milchfieber-Instapost-FR-2023-v1-300x300.jpg 300w, https:\/\/milchfieber.com\/wp-content\/uploads\/2023\/05\/Milchfieber-Instapost-FR-2023-v1-150x150.jpg 150w, https:\/\/milchfieber.com\/wp-content\/uploads\/2023\/05\/Milchfieber-Instapost-FR-2023-v1-768x768.jpg 768w, https:\/\/milchfieber.com\/wp-content\/uploads\/2023\/05\/Milchfieber-Instapost-FR-2023-v1-470x470.jpg 470w, https:\/\/milchfieber.com\/wp-content\/uploads\/2023\/05\/Milchfieber-Instapost-FR-2023-v1.jpg 1200w\" sizes=\"auto, (max-width: 1024px) 100vw, 1024px\" \/><\/figure>\n<\/div>\n\n\n<h2 class=\"wp-block-heading has-text-align-center\">DORFKIND J-P<\/h2>\n\n\n\n<p class=\"has-text-align-center\"><strong>FABIAN GRANT | NICK CODY<\/strong> <\/p>\n\n\n\n<p>\u27a1\ufe0f DORFKIND J-P \ud83d\udca3\ud83d\udca5<\/p>\n\n\n\n<p>D-D-D-Disco, Party Sahne.. LIVE DABEI: DORFKIND J-P \ud83e\udd29 (Airbeat One Festival, Sputnik SpringBreak, Culcha Candela Tour) \ud83d\ude80<\/p>\n\n\n\n<p>\u27a1\ufe0f NICK CODY<\/p>\n\n\n\n<p>\u2026 ich glaub, mein Schwein pfeift \ud83d\udc17\ud83d\udca8: NICK CODY (Fricke Party, Pelican Festival uvm.) \ud83e\udd2f\ud83e\udef6&nbsp;<\/p>\n\n\n\n<p>\u27a1\ufe0f FABIAN GRANT<\/p>\n\n\n\n<p>FABIAN GRANT (Liebesnacht\u2764\ufe0f\u200d\ud83d\udd25, Pfingstparty Adolphsdorf) absoluter Abriss-Alarm \ud83d\udea8\ud83e\udd5b\ud83d\udc2e<\/p>\n\n\n\n<p><strong>Ticketstatus: <\/strong>Earlybird-Ticket ausverkauft! Aktuelle Verkaufsphase: Normalpreis<\/p>\n\n\n\n<div class=\"wp-block-buttons alignfull is-horizontal is-content-justification-center is-layout-flex wp-container-core-buttons-is-layout-499968f5 wp-block-buttons-is-layout-flex\">\n<div class=\"wp-block-button has-custom-width wp-block-button__width-100\"><a class=\"wp-block-button__link has-white-color has-text-color has-background no-border-radius wp-element-button\" href=\"https:\/\/www.hansaticket.de\/events\/225\/checkout\" style=\"background-color:#000000\" target=\"_blank\" rel=\"noreferrer noopener\">ab 8,00 EURO<\/a><\/div>\n<\/div>\n\n\n\n<h2 class=\"wp-block-heading has-text-align-center\" id=\"single\" style=\"font-size:40px\">SAMSTAG<\/h2>\n\n\n\n<hr class=\"wp-block-separator has-text-color has-css-opacity has-background is-style-wide\" style=\"background-color:#000000;color:#000000\"\/>\n\n\n<div class=\"wp-block-image\">\n<figure class=\"aligncenter size-large\"><img loading=\"lazy\" decoding=\"async\" width=\"1024\" height=\"1024\" src=\"http:\/\/milchfieber.com\/wp-content\/uploads\/2023\/05\/Milchfieber-Instapost-SA-2023-v1-1024x1024.jpg\" alt=\"\" class=\"wp-image-32\" srcset=\"https:\/\/milchfieber.com\/wp-content\/uploads\/2023\/05\/Milchfieber-Instapost-SA-2023-v1-1024x1024.jpg 1024w, https:\/\/milchfieber.com\/wp-content\/uploads\/2023\/05\/Milchfieber-Instapost-SA-2023-v1-300x300.jpg 300w, https:\/\/milchfieber.com\/wp-content\/uploads\/2023\/05\/Milchfieber-Instapost-SA-2023-v1-150x150.jpg 150w, https:\/\/milchfieber.com\/wp-content\/uploads\/2023\/05\/Milchfieber-Instapost-SA-2023-v1-768x768.jpg 768w, https:\/\/milchfieber.com\/wp-content\/uploads\/2023\/05\/Milchfieber-Instapost-SA-2023-v1-470x470.jpg 470w, https:\/\/milchfieber.com\/wp-content\/uploads\/2023\/05\/Milchfieber-Instapost-SA-2023-v1.jpg 1200w\" sizes=\"auto, (max-width: 1024px) 100vw, 1024px\" \/><\/figure>\n<\/div>\n\n\n<h2 class=\"wp-block-heading has-text-align-center\">SVEN STELTER | DJ KAI B.<\/h2>\n\n\n\n<p>\u27a1\ufe0fSVEN STELTER<\/p>\n\n\n\n<p>\ud83d\udca5 Egal ob Mallorca-Night \ud83c\udfdd\ufe0f, Oktoberfest \ud83e\udd68oder \u00dc-30 Party \ud83c\udf7e als Stadion DJ in Hannover \ud83c\udfdf\ufe0f oder im S\u00fcdsee-Camp &#8211; SVEN \ud83c\udfa4 \ud83c\udf89 sorgt immer f\u00fcr gnadenlose 110% Stimmung!<\/p>\n\n\n\n<p>\u27a1\ufe0f DJ KAI B.<\/p>\n\n\n\n<p>Und nat\u00fcrlich auch wieder mit dabei: Unser Resident KAI B. \ud83c\udfa7 (Tanz in den Mai Fischerhude, Kohlfahrten Grasberg \ud83e\udd6c) Kai und Sven haben \u00fcbrigens zusammen auch die legend\u00e4re&nbsp;jbs-Maisfeldfete \ud83c\udf3d gerockt.<\/p>\n\n\n\n<p><strong>Ticketstatus: <\/strong>Earlybird-Ticket ausverkauft! Aktuelle Verkaufsphase: Normalpreis<\/p>\n\n\n\n<div class=\"wp-block-buttons alignfull is-horizontal is-content-justification-center is-layout-flex wp-container-core-buttons-is-layout-499968f5 wp-block-buttons-is-layout-flex\">\n<div class=\"wp-block-button has-custom-width wp-block-button__width-100\"><a class=\"wp-block-button__link has-white-color has-text-color has-background no-border-radius wp-element-button\" href=\"https:\/\/www.hansaticket.de\/events\/226\/checkout\" style=\"background-color:#000000\">ab 9,00 EURO<\/a><\/div>\n<\/div>\n\n\n\n<h2 class=\"wp-block-heading has-text-align-center\" id=\"single\" style=\"font-size:40px\">KOMBI-TICKET<\/h2>\n\n\n\n<hr class=\"wp-block-separator has-text-color has-css-opacity has-background is-style-wide\" style=\"background-color:#000000;color:#000000\"\/>\n\n\n<div class=\"wp-block-image\">\n<figure class=\"aligncenter size-large\"><img loading=\"lazy\" decoding=\"async\" width=\"1024\" height=\"1024\" src=\"http:\/\/milchfieber.com\/wp-content\/uploads\/2023\/05\/Milchfieber-Instapost-FRSA-2023-v1-1024x1024.jpg\" alt=\"\" class=\"wp-image-30\" srcset=\"https:\/\/milchfieber.com\/wp-content\/uploads\/2023\/05\/Milchfieber-Instapost-FRSA-2023-v1-1024x1024.jpg 1024w, https:\/\/milchfieber.com\/wp-content\/uploads\/2023\/05\/Milchfieber-Instapost-FRSA-2023-v1-300x300.jpg 300w, https:\/\/milchfieber.com\/wp-content\/uploads\/2023\/05\/Milchfieber-Instapost-FRSA-2023-v1-150x150.jpg 150w, https:\/\/milchfieber.com\/wp-content\/uploads\/2023\/05\/Milchfieber-Instapost-FRSA-2023-v1-768x768.jpg 768w, https:\/\/milchfieber.com\/wp-content\/uploads\/2023\/05\/Milchfieber-Instapost-FRSA-2023-v1-470x470.jpg 470w, https:\/\/milchfieber.com\/wp-content\/uploads\/2023\/05\/Milchfieber-Instapost-FRSA-2023-v1.jpg 1200w\" sizes=\"auto, (max-width: 1024px) 100vw, 1024px\" \/><\/figure>\n<\/div>\n\n\n<h2 class=\"wp-block-heading has-text-align-center\">STRENG LIMITIERT <\/h2>\n\n\n\n<p><strong>Ticketstatus: <\/strong>Earlybird-Ticket ausverkauft! Aktuelle Verkaufsphase: Normalpreis<\/p>\n\n\n\n<div class=\"wp-block-buttons alignfull is-horizontal is-content-justification-center is-layout-flex wp-container-core-buttons-is-layout-499968f5 wp-block-buttons-is-layout-flex\">\n<div class=\"wp-block-button has-custom-width wp-block-button__width-100\"><a class=\"wp-block-button__link has-white-color has-text-color has-background no-border-radius wp-element-button\" href=\"https:\/\/www.hansaticket.de\/events\/227\/checkout\" style=\"background-color:#000000\" target=\"_blank\" rel=\"noreferrer noopener\">ab 10,00 EURO<\/a><\/div>\n<\/div>\n\n\n\n<p><\/p>\n\n\n\n<p>Hinweis:<\/p>\n\n\n\n<p>Jugendliche unter 18 Jahren ben\u00f6tigen eine vollj\u00e4hrige Begleitperson sowie eine schriftliche und vollst\u00e4ndig ausgef\u00fcllte Erziehungsbeauftragung (\u201eMuttizettel\u201c) und m\u00fcssen damit vor 23:59 Uhr da sein. Jugendlichen unter 16 Jahren bleibt der Eintritt zu dieser Veranstaltung leider verwehrt.<\/p>\n\n\n\n<p>Es l\u00e4dt ein: Landjugend Grasberg<\/p>\n\n\n\n<p>Kooperationspartner: fs eventcrew<\/p>\n","protected":false},"excerpt":{"rendered":"<p>MILCHFIEBER \ud83d\udc2e\ud83c\udf21\ufe0f\u2764\ufe0f\u200d\ud83d\udd25- Mega Landjugendparty \ud83c\udf3e WE ARE BACK &#8211; im Doppelpack! Am FR. 28. + SA. 29.07.23 in GRASBERG. Freut euch auf zwei legend\u00e4re N\u00e4chte \ud83e\udea9\ud83e\udef6mit: FREITAG DORFKIND J-P FABIAN GRANT | NICK CODY \u27a1\ufe0f DORFKIND J-P \ud83d\udca3\ud83d\udca5 D-D-D-Disco, Party Sahne.. LIVE DABEI: DORFKIND J-P \ud83e\udd29 (Airbeat One Festival, Sputnik SpringBreak, Culcha Candela Tour) \ud83d\ude80 &hellip; <\/p>\n","protected":false},"author":1,"featured_media":0,"parent":0,"menu_order":0,"comment_status":"closed","ping_status":"closed","template":"","meta":{"footnotes":""},"class_list":["post-11","page","type-page","status-publish","hentry"],"_links":{"self":[{"href":"https:\/\/milchfieber.com\/index.php?rest_route=\/wp\/v2\/pages\/11","targetHints":{"allow":["GET"]}}],"collection":[{"href":"https:\/\/milchfieber.com\/index.php?rest_route=\/wp\/v2\/pages"}],"about":[{"href":"https:\/\/milchfieber.com\/index.php?rest_route=\/wp\/v2\/types\/page"}],"author":[{"embeddable":true,"href":"https:\/\/milchfieber.com\/index.php?rest_route=\/wp\/v2\/users\/1"}],"replies":[{"embeddable":true,"href":"https:\/\/milchfieber.com\/index.php?rest_route=%2Fwp%2Fv2%2Fcomments&post=11"}],"version-history":[{"count":21,"href":"https:\/\/milchfieber.com\/index.php?rest_route=\/wp\/v2\/pages\/11\/revisions"}],"predecessor-version":[{"id":122,"href":"https:\/\/milchfieber.com\/index.php?rest_route=\/wp\/v2\/pages\/11\/revisions\/122"}],"wp:attachment":[{"href":"https:\/\/milchfieber.com\/index.php?rest_route=%2Fwp%2Fv2%2Fmedia&parent=11"}],"curies":[{"name":"wp","href":"https:\/\/api.w.org\/{rel}","templated":true}]}}